{"id":24,"date":"2025-06-08T13:14:30","date_gmt":"2025-06-08T13:14:30","guid":{"rendered":"https:\/\/ascensoreselevacom.com\/?page_id=24"},"modified":"2025-06-16T12:10:57","modified_gmt":"2025-06-16T12:10:57","slug":"servicios","status":"publish","type":"page","link":"https:\/\/ascensoreselevacom.com\/index.php\/servicios\/","title":{"rendered":"Servicios"},"content":{"rendered":"\t\t<div data-elementor-type=\"wp-page\" data-elementor-id=\"24\" class=\"elementor elementor-24\" data-elementor-post-type=\"page\">\n\t\t\t\t<div class=\"elementor-element elementor-element-b9cd516 e-con-full e-flex e-con e-parent\" data-id=\"b9cd516\" data-element_type=\"container\">\n\t\t<div class=\"elementor-element elementor-element-46ad815 e-flex e-con-boxed e-con e-child\" data-id=\"46ad815\" data-element_type=\"container\" data-settings=\"{&quot;background_background&quot;:&quot;classic&quot;}\">\n\t\t\t\t\t<div class=\"e-con-inner\">\n\t\t<div class=\"elementor-element elementor-element-03adbff e-con-full e-flex elementor-invisible e-con e-child\" data-id=\"03adbff\" data-element_type=\"container\" data-settings=\"{&quot;background_background&quot;:&quot;classic&quot;,&quot;animation&quot;:&quot;fadeIn&quot;}\">\n\t\t\t\t<div class=\"elementor-element elementor-element-3ebe685 elementor-widget elementor-widget-button\" data-id=\"3ebe685\" data-element_type=\"widget\" data-widget_type=\"button.default\">\n\t\t\t\t<div class=\"elementor-widget-container\">\n\t\t\t\t\t\t\t\t\t<div class=\"elementor-button-wrapper\">\n\t\t\t\t\t<a class=\"elementor-button elementor-button-link elementor-size-sm\" href=\"https:\/\/ascensoreselevacom.com\/index.php\/contacto\/\">\n\t\t\t\t\t\t<span class=\"elementor-button-content-wrapper\">\n\t\t\t\t\t\t\t\t\t<span class=\"elementor-button-text\">Cont\u00e1ctanos Ahora<\/span>\n\t\t\t\t\t<\/span>\n\t\t\t\t\t<\/a>\n\t\t\t\t<\/div>\n\t\t\t\t\t\t\t\t<\/div>\n\t\t\t\t<\/div>\n\t\t\t\t<\/div>\n\t\t\t\t\t<\/div>\n\t\t\t\t<\/div>\n\t\t\t\t<\/div>\n\t\t<div class=\"elementor-element elementor-element-45cba78 e-flex e-con-boxed e-con e-parent\" data-id=\"45cba78\" data-element_type=\"container\">\n\t\t\t\t\t<div class=\"e-con-inner\">\n\t\t<div class=\"elementor-element elementor-element-2774674 e-con-full e-flex elementor-invisible e-con e-child\" data-id=\"2774674\" data-element_type=\"container\" data-settings=\"{&quot;animation&quot;:&quot;fadeInLeft&quot;,&quot;background_background&quot;:&quot;classic&quot;}\">\n\t\t\t\t<div class=\"elementor-element elementor-element-1d6b16a elementor-widget elementor-widget-heading\" data-id=\"1d6b16a\" data-element_type=\"widget\" data-widget_type=\"heading.default\">\n\t\t\t\t<div class=\"elementor-widget-container\">\n\t\t\t\t\t<h2 class=\"elementor-heading-title elementor-size-default\">INSTALACI\u00d3N DE ASCENSORES<\/h2>\t\t\t\t<\/div>\n\t\t\t\t<\/div>\n\t\t\t\t<div class=\"elementor-element elementor-element-81ed05e elementor-widget elementor-widget-text-editor\" data-id=\"81ed05e\" data-element_type=\"widget\" data-widget_type=\"text-editor.default\">\n\t\t\t\t<div class=\"elementor-widget-container\">\n\t\t\t\t\t\t\t\t\t<p class=\"ds-markdown-paragraph\">Ofrecemos\u00a0<strong>soluciones de instalaci\u00f3n llave en mano<\/strong>\u00a0para residencias, edificios y proyectos comerciales. Utilizamos tecnolog\u00eda de punta y materiales de primera calidad, garantizando:<\/p><ul><li><p class=\"ds-markdown-paragraph\">Cumplimiento de normativas de seguridad.<\/p><\/li><li><p class=\"ds-markdown-paragraph\">Dise\u00f1os personalizados (hidr\u00e1ulicos, el\u00e9ctricos, sin sala de m\u00e1quinas).<\/p><\/li><li><p class=\"ds-markdown-paragraph\">Entrega en tiempo r\u00e9cord con supervisi\u00f3n experta.<\/p><\/li><\/ul><p class=\"ds-markdown-paragraph\"><em>\u00abDesde el dise\u00f1o hasta el primer viaje, nos ocupamos de todo.\u00bb<\/em><\/p>\t\t\t\t\t\t\t\t<\/div>\n\t\t\t\t<\/div>\n\t\t\t\t<div class=\"elementor-element elementor-element-4473c9b elementor-widget elementor-widget-button\" data-id=\"4473c9b\" data-element_type=\"widget\" data-widget_type=\"button.default\">\n\t\t\t\t<div class=\"elementor-widget-container\">\n\t\t\t\t\t\t\t\t\t<div class=\"elementor-button-wrapper\">\n\t\t\t\t\t<a class=\"elementor-button elementor-button-link elementor-size-sm\" href=\"https:\/\/ascensoreselevacom.com\/index.php\/contacto\/\">\n\t\t\t\t\t\t<span class=\"elementor-button-content-wrapper\">\n\t\t\t\t\t\t\t\t\t<span class=\"elementor-button-text\">Solicitar<\/span>\n\t\t\t\t\t<\/span>\n\t\t\t\t\t<\/a>\n\t\t\t\t<\/div>\n\t\t\t\t\t\t\t\t<\/div>\n\t\t\t\t<\/div>\n\t\t\t\t<\/div>\n\t\t<div class=\"elementor-element elementor-element-72c94d6 e-con-full e-flex elementor-invisible e-con e-child\" data-id=\"72c94d6\" data-element_type=\"container\" data-settings=\"{&quot;animation&quot;:&quot;fadeInRight&quot;,&quot;background_background&quot;:&quot;classic&quot;}\">\n\t\t\t\t<\/div>\n\t\t\t\t\t<\/div>\n\t\t\t\t<\/div>\n\t\t<div class=\"elementor-element elementor-element-d65ff7a e-flex e-con-boxed e-con e-parent\" data-id=\"d65ff7a\" data-element_type=\"container\" data-settings=\"{&quot;background_background&quot;:&quot;classic&quot;}\">\n\t\t\t\t\t<div class=\"e-con-inner\">\n\t\t<div class=\"elementor-element elementor-element-4d5a19d e-con-full e-flex elementor-invisible e-con e-child\" data-id=\"4d5a19d\" data-element_type=\"container\" data-settings=\"{&quot;animation&quot;:&quot;fadeInRight&quot;,&quot;background_background&quot;:&quot;classic&quot;}\">\n\t\t\t\t<div class=\"elementor-element elementor-element-09c4bf2 elementor-widget elementor-widget-heading\" data-id=\"09c4bf2\" data-element_type=\"widget\" data-widget_type=\"heading.default\">\n\t\t\t\t<div class=\"elementor-widget-container\">\n\t\t\t\t\t<h2 class=\"elementor-heading-title elementor-size-default\"> MANTENIMIENTO PREVENTIVO<\/h2>\t\t\t\t<\/div>\n\t\t\t\t<\/div>\n\t\t\t\t<div class=\"elementor-element elementor-element-edf0ed5 elementor-widget elementor-widget-text-editor\" data-id=\"edf0ed5\" data-element_type=\"widget\" data-widget_type=\"text-editor.default\">\n\t\t\t\t<div class=\"elementor-widget-container\">\n\t\t\t\t\t\t\t\t\t<p class=\"ds-markdown-paragraph\">Evita fallos costosos con nuestro\u00a0<strong>mantenimiento programado<\/strong>. Incluye:<\/p><ul><li><p class=\"ds-markdown-paragraph\">Inspecci\u00f3n de componentes mec\u00e1nicos y el\u00e9ctricos.<\/p><\/li><li><p class=\"ds-markdown-paragraph\">Lubricaci\u00f3n y ajuste de piezas.<\/p><\/li><li><p class=\"ds-markdown-paragraph\">Reporte detallado post-revisi\u00f3n.<br \/>Disponible en planes\u00a0<strong>mensuales, trimestrales o anuales<\/strong>.<\/p><\/li><\/ul><p class=\"ds-markdown-paragraph\"><em>\u00abLa prevenci\u00f3n es la clave para un ascensor siempre en movimiento.\u00bb<\/em><\/p>\t\t\t\t\t\t\t\t<\/div>\n\t\t\t\t<\/div>\n\t\t\t\t<div class=\"elementor-element elementor-element-495cdd5 elementor-widget elementor-widget-button\" data-id=\"495cdd5\" data-element_type=\"widget\" data-widget_type=\"button.default\">\n\t\t\t\t<div class=\"elementor-widget-container\">\n\t\t\t\t\t\t\t\t\t<div class=\"elementor-button-wrapper\">\n\t\t\t\t\t<a class=\"elementor-button elementor-button-link elementor-size-sm\" href=\"https:\/\/ascensoreselevacom.com\/index.php\/contacto\/\">\n\t\t\t\t\t\t<span class=\"elementor-button-content-wrapper\">\n\t\t\t\t\t\t\t\t\t<span class=\"elementor-button-text\">Solicitar<\/span>\n\t\t\t\t\t<\/span>\n\t\t\t\t\t<\/a>\n\t\t\t\t<\/div>\n\t\t\t\t\t\t\t\t<\/div>\n\t\t\t\t<\/div>\n\t\t\t\t<\/div>\n\t\t<div class=\"elementor-element elementor-element-ae80fe1 e-con-full e-flex elementor-invisible e-con e-child\" data-id=\"ae80fe1\" data-element_type=\"container\" data-settings=\"{&quot;animation&quot;:&quot;fadeInLeft&quot;,&quot;background_background&quot;:&quot;classic&quot;}\">\n\t\t\t\t<\/div>\n\t\t\t\t\t<\/div>\n\t\t\t\t<\/div>\n\t\t<div class=\"elementor-element elementor-element-2c389e9 e-flex e-con-boxed e-con e-parent\" data-id=\"2c389e9\" data-element_type=\"container\">\n\t\t\t\t\t<div class=\"e-con-inner\">\n\t\t<div class=\"elementor-element elementor-element-e23d702 e-con-full e-flex elementor-invisible e-con e-child\" data-id=\"e23d702\" data-element_type=\"container\" data-settings=\"{&quot;animation&quot;:&quot;fadeInLeft&quot;,&quot;background_background&quot;:&quot;classic&quot;}\">\n\t\t\t\t<div class=\"elementor-element elementor-element-63e80f5 elementor-widget elementor-widget-heading\" data-id=\"63e80f5\" data-element_type=\"widget\" data-widget_type=\"heading.default\">\n\t\t\t\t<div class=\"elementor-widget-container\">\n\t\t\t\t\t<h2 class=\"elementor-heading-title elementor-size-default\">MODERNIZACI\u00d3N DE ASCENSORES<\/h2>\t\t\t\t<\/div>\n\t\t\t\t<\/div>\n\t\t\t\t<div class=\"elementor-element elementor-element-27a6671 elementor-widget elementor-widget-text-editor\" data-id=\"27a6671\" data-element_type=\"widget\" data-widget_type=\"text-editor.default\">\n\t\t\t\t<div class=\"elementor-widget-container\">\n\t\t\t\t\t\t\t\t\t<p class=\"ds-markdown-paragraph\">Actualiza tu ascensor con\u00a0<strong>tecnolog\u00eda ecoeficiente y dise\u00f1o vanguardista<\/strong>:<\/p><ul><li><p class=\"ds-markdown-paragraph\">Sustituci\u00f3n de componentes obsoletos.<\/p><\/li><li><p class=\"ds-markdown-paragraph\">Implementaci\u00f3n de motores de bajo consumo.<\/p><\/li><li><p class=\"ds-markdown-paragraph\">Opciones de personalizaci\u00f3n (iluminaci\u00f3n LED, revestimientos).<\/p><\/li><\/ul><p class=\"ds-markdown-paragraph\"><em>\u00abDale una segunda vida a tu ascensor con nuestra experiencia.\u00bb<\/em><\/p>\t\t\t\t\t\t\t\t<\/div>\n\t\t\t\t<\/div>\n\t\t\t\t<div class=\"elementor-element elementor-element-b17dd64 elementor-widget elementor-widget-button\" data-id=\"b17dd64\" data-element_type=\"widget\" data-widget_type=\"button.default\">\n\t\t\t\t<div class=\"elementor-widget-container\">\n\t\t\t\t\t\t\t\t\t<div class=\"elementor-button-wrapper\">\n\t\t\t\t\t<a class=\"elementor-button elementor-button-link elementor-size-sm\" href=\"https:\/\/ascensoreselevacom.com\/index.php\/contacto\/\">\n\t\t\t\t\t\t<span class=\"elementor-button-content-wrapper\">\n\t\t\t\t\t\t\t\t\t<span class=\"elementor-button-text\">Solicitar<\/span>\n\t\t\t\t\t<\/span>\n\t\t\t\t\t<\/a>\n\t\t\t\t<\/div>\n\t\t\t\t\t\t\t\t<\/div>\n\t\t\t\t<\/div>\n\t\t\t\t<\/div>\n\t\t<div class=\"elementor-element elementor-element-6e12e9f e-con-full e-flex elementor-invisible e-con e-child\" data-id=\"6e12e9f\" data-element_type=\"container\" data-settings=\"{&quot;animation&quot;:&quot;fadeInRight&quot;,&quot;background_background&quot;:&quot;classic&quot;}\">\n\t\t\t\t<\/div>\n\t\t\t\t\t<\/div>\n\t\t\t\t<\/div>\n\t\t<div class=\"elementor-element elementor-element-552ef22 e-flex e-con-boxed e-con e-parent\" data-id=\"552ef22\" data-element_type=\"container\" data-settings=\"{&quot;background_background&quot;:&quot;classic&quot;}\">\n\t\t\t\t\t<div class=\"e-con-inner\">\n\t\t<div class=\"elementor-element elementor-element-b2fb1f9 e-con-full e-flex elementor-invisible e-con e-child\" data-id=\"b2fb1f9\" data-element_type=\"container\" data-settings=\"{&quot;animation&quot;:&quot;fadeInRight&quot;,&quot;background_background&quot;:&quot;classic&quot;}\">\n\t\t\t\t<div class=\"elementor-element elementor-element-2414898 elementor-widget elementor-widget-heading\" data-id=\"2414898\" data-element_type=\"widget\" data-widget_type=\"heading.default\">\n\t\t\t\t<div class=\"elementor-widget-container\">\n\t\t\t\t\t<h2 class=\"elementor-heading-title elementor-size-default\">REPARACI\u00d3N DE EMERGENCIAS<\/h2>\t\t\t\t<\/div>\n\t\t\t\t<\/div>\n\t\t\t\t<div class=\"elementor-element elementor-element-f33564c elementor-widget elementor-widget-text-editor\" data-id=\"f33564c\" data-element_type=\"widget\" data-widget_type=\"text-editor.default\">\n\t\t\t\t<div class=\"elementor-widget-container\">\n\t\t\t\t\t\t\t\t\t<p class=\"ds-markdown-paragraph\">\u00bfAscensor detenido o con fallos? Nuestro\u00a0<strong>servicio de emergencia<\/strong>\u00a0act\u00faa en menos de [X] horas con:<\/p><ul><li><p class=\"ds-markdown-paragraph\">Diagn\u00f3stico inmediato.<\/p><\/li><li><p class=\"ds-markdown-paragraph\">Repuestos originales en stock.<\/p><\/li><li><p class=\"ds-markdown-paragraph\">Soluciones garantizadas.<\/p><\/li><\/ul><p class=\"ds-markdown-paragraph\"><em>\u00abTu seguridad no puede esperar: estamos listos cuando nos necesites.\u00bb<\/em><\/p>\t\t\t\t\t\t\t\t<\/div>\n\t\t\t\t<\/div>\n\t\t\t\t<div class=\"elementor-element elementor-element-c014bc2 elementor-widget elementor-widget-button\" data-id=\"c014bc2\" data-element_type=\"widget\" data-widget_type=\"button.default\">\n\t\t\t\t<div class=\"elementor-widget-container\">\n\t\t\t\t\t\t\t\t\t<div class=\"elementor-button-wrapper\">\n\t\t\t\t\t<a class=\"elementor-button elementor-button-link elementor-size-sm\" href=\"https:\/\/ascensoreselevacom.com\/index.php\/contacto\/\">\n\t\t\t\t\t\t<span class=\"elementor-button-content-wrapper\">\n\t\t\t\t\t\t\t\t\t<span class=\"elementor-button-text\">Solicitar<\/span>\n\t\t\t\t\t<\/span>\n\t\t\t\t\t<\/a>\n\t\t\t\t<\/div>\n\t\t\t\t\t\t\t\t<\/div>\n\t\t\t\t<\/div>\n\t\t\t\t<\/div>\n\t\t<div class=\"elementor-element elementor-element-438e84e e-con-full e-flex elementor-invisible e-con e-child\" data-id=\"438e84e\" data-element_type=\"container\" data-settings=\"{&quot;animation&quot;:&quot;fadeInLeft&quot;,&quot;background_background&quot;:&quot;classic&quot;}\">\n\t\t\t\t<\/div>\n\t\t\t\t\t<\/div>\n\t\t\t\t<\/div>\n\t\t<div class=\"elementor-element elementor-element-e0b4aa1 e-flex e-con-boxed e-con e-parent\" data-id=\"e0b4aa1\" data-element_type=\"container\">\n\t\t\t\t\t<div class=\"e-con-inner\">\n\t\t<div class=\"elementor-element elementor-element-2851f0c e-con-full e-flex elementor-invisible e-con e-child\" data-id=\"2851f0c\" data-element_type=\"container\" data-settings=\"{&quot;animation&quot;:&quot;fadeInLeft&quot;,&quot;background_background&quot;:&quot;classic&quot;}\">\n\t\t\t\t<div class=\"elementor-element elementor-element-a6974ed elementor-widget elementor-widget-heading\" data-id=\"a6974ed\" data-element_type=\"widget\" data-widget_type=\"heading.default\">\n\t\t\t\t<div class=\"elementor-widget-container\">\n\t\t\t\t\t<h2 class=\"elementor-heading-title elementor-size-default\">ASCENSORES PARA DISCAPACITADOS<\/h2>\t\t\t\t<\/div>\n\t\t\t\t<\/div>\n\t\t\t\t<div class=\"elementor-element elementor-element-7e8799e elementor-widget elementor-widget-text-editor\" data-id=\"7e8799e\" data-element_type=\"widget\" data-widget_type=\"text-editor.default\">\n\t\t\t\t<div class=\"elementor-widget-container\">\n\t\t\t\t\t\t\t\t\t<p class=\"ds-markdown-paragraph\">Dise\u00f1amos ascensores y plataformas elevadoras que cumplen con\u00a0<strong>normativas de accesibilidad<\/strong>:<\/p><ul><li><p class=\"ds-markdown-paragraph\">Cabinas espaciosas y botoneras braille.<\/p><\/li><li><p class=\"ds-markdown-paragraph\">Rampas y sistemas hidr\u00e1ulicos silenciosos.<\/p><\/li><li><p class=\"ds-markdown-paragraph\">Proyectos adaptados a espacios reducidos.<\/p><\/li><\/ul><p class=\"ds-markdown-paragraph\"><em>\u00abConstruimos un mundo donde todos pueden moverse libremente.\u00bb<\/em><\/p>\t\t\t\t\t\t\t\t<\/div>\n\t\t\t\t<\/div>\n\t\t\t\t<div class=\"elementor-element elementor-element-c656d23 elementor-widget elementor-widget-button\" data-id=\"c656d23\" data-element_type=\"widget\" data-widget_type=\"button.default\">\n\t\t\t\t<div class=\"elementor-widget-container\">\n\t\t\t\t\t\t\t\t\t<div class=\"elementor-button-wrapper\">\n\t\t\t\t\t<a class=\"elementor-button elementor-button-link elementor-size-sm\" href=\"https:\/\/ascensoreselevacom.com\/index.php\/contacto\/\">\n\t\t\t\t\t\t<span class=\"elementor-button-content-wrapper\">\n\t\t\t\t\t\t\t\t\t<span class=\"elementor-button-text\">Solicitar<\/span>\n\t\t\t\t\t<\/span>\n\t\t\t\t\t<\/a>\n\t\t\t\t<\/div>\n\t\t\t\t\t\t\t\t<\/div>\n\t\t\t\t<\/div>\n\t\t\t\t<\/div>\n\t\t<div class=\"elementor-element elementor-element-2f37e52 e-con-full e-flex elementor-invisible e-con e-child\" data-id=\"2f37e52\" data-element_type=\"container\" data-settings=\"{&quot;animation&quot;:&quot;fadeInRight&quot;,&quot;background_background&quot;:&quot;classic&quot;}\">\n\t\t\t\t<\/div>\n\t\t\t\t\t<\/div>\n\t\t\t\t<\/div>\n\t\t\t\t<\/div>\n\t\t","protected":false},"excerpt":{"rendered":"<p>Cont\u00e1ctanos Ahora INSTALACI\u00d3N DE ASCENSORES Ofrecemos\u00a0soluciones de instalaci\u00f3n llave en mano\u00a0para residencias, edificios y proyectos comerciales. Utilizamos tecnolog\u00eda de punta y materiales de primera calidad, garantizando: Cumplimiento de normativas de seguridad. Dise\u00f1os personalizados (hidr\u00e1ulicos, el\u00e9ctricos, sin sala de m\u00e1quinas). Entrega en tiempo r\u00e9cord con supervisi\u00f3n experta. \u00abDesde el dise\u00f1o hasta el primer viaje, nos ocupamos [&hellip;]<\/p>\n","protected":false},"author":1,"featured_media":0,"parent":0,"menu_order":0,"comment_status":"closed","ping_status":"closed","template":"elementor_header_footer","meta":{"footnotes":""},"class_list":["post-24","page","type-page","status-publish","hentry"],"_links":{"self":[{"href":"https:\/\/ascensoreselevacom.com\/index.php\/wp-json\/wp\/v2\/pages\/24","targetHints":{"allow":["GET"]}}],"collection":[{"href":"https:\/\/ascensoreselevacom.com\/index.php\/wp-json\/wp\/v2\/pages"}],"about":[{"href":"https:\/\/ascensoreselevacom.com\/index.php\/wp-json\/wp\/v2\/types\/page"}],"author":[{"embeddable":true,"href":"https:\/\/ascensoreselevacom.com\/index.php\/wp-json\/wp\/v2\/users\/1"}],"replies":[{"embeddable":true,"href":"https:\/\/ascensoreselevacom.com\/index.php\/wp-json\/wp\/v2\/comments?post=24"}],"version-history":[{"count":10,"href":"https:\/\/ascensoreselevacom.com\/index.php\/wp-json\/wp\/v2\/pages\/24\/revisions"}],"predecessor-version":[{"id":138,"href":"https:\/\/ascensoreselevacom.com\/index.php\/wp-json\/wp\/v2\/pages\/24\/revisions\/138"}],"wp:attachment":[{"href":"https:\/\/ascensoreselevacom.com\/index.php\/wp-json\/wp\/v2\/media?parent=24"}],"curies":[{"name":"wp","href":"https:\/\/api.w.org\/{rel}","templated":true}]}}